{"id":2813,"date":"2025-06-30T11:37:34","date_gmt":"2025-06-30T11:37:34","guid":{"rendered":"https:\/\/www.diemaluminyum.com\/?post_type=product&#038;p=2813"},"modified":"2025-06-30T15:49:12","modified_gmt":"2025-06-30T15:49:12","slug":"saraybond","status":"publish","type":"product","link":"https:\/\/www.diemaluminyum.com\/en\/urunler\/mimari-sistemler\/kompozit-panel\/saraybond\/","title":{"rendered":"SARAYBOND"},"content":{"rendered":"<p style=\"text-align: justify;\">Saray Grubu olarak y\u0131llar s\u00fcren ARGE \u00e7al\u0131\u015fmalar\u0131m\u0131z\u0131n meyvesi olarak T\u00fcrkiye\u2019de ilk ve tek Mineral Dolgulu A2 Yanmazl\u0131k S\u0131n\u0131f\u0131 Al\u00fcminyum Kompozit Panellerin 2006 y\u0131l\u0131nda \u00fcretimine ba\u015flanm\u0131\u015ft\u0131r ve 60\u2019dan fazla \u00fclkeye ihra\u00e7 edilmektedir. Bu y\u00fcksek teknoloji \u00fcr\u00fcn\u00fc, kendi tesislerimizde ve kendi geli\u015ftirdi\u011fimiz teknoloji ile \u00fcretilmektedir.<\/p>\n<p style=\"text-align: justify;\">A2 S\u0131n\u0131f\u0131 Al\u00fcminyum Kompozit Paneller, binalar\u0131n cephelerinin kaplanmas\u0131 i\u00e7in kullan\u0131lan ve yang\u0131na kar\u015f\u0131 en \u00fcst\u00fcn performans\u0131 sa\u011flayan yanmaz bir malzemedir. D\u00fcnya genelinde meydana gelen yang\u0131nlar, yap\u0131lar\u0131n yang\u0131na dayan\u0131kl\u0131 malzemelerle kaplanmas\u0131n\u0131 zorunlu hale getirmi\u015ftir. Bakanlar Kurulu\u2019nun 10.08.2009 tarihli 2009\/15316 say\u0131l\u0131 karar\u0131 ile yay\u0131nlanan \u201cBinalar\u0131n Yang\u0131ndan Korunmas\u0131\u201d y\u00f6netmeli\u011fine g\u00f6re, 21.5 metre ve \u00fczeri y\u00fcksekli\u011fe sahip binalarda A s\u0131n\u0131f\u0131 yanmaz malzeme kullan\u0131m\u0131 zorunludur.<\/p>\n<p style=\"text-align: justify;\">Mineral Dolgulu A2 Paneller, toplamda 4mm kal\u0131nl\u0131\u011f\u0131ndad\u0131r ve 3 mm kal\u0131nl\u0131\u011f\u0131ndaki yanmaz mineral dolgu malzemesinin \u00fcst\u00fcne ve alt\u0131na 0.5mm kal\u0131nl\u0131\u011f\u0131ndaki al\u00fcminyum ile lamine edilmi\u015ftir. \u00dcstte kullan\u0131lan al\u00fcminyum, d\u0131\u015f hava ko\u015fullar\u0131nda maksimum dayan\u0131m sa\u011flamak i\u00e7in PVDF tekni\u011fi ile boyanmaktad\u0131r. PVDF boya teknolojisiyle \u00fcretilen panellerimiz, d\u0131\u015f etkenlere kar\u015f\u0131 uzun \u00f6m\u00fcrl\u00fc koruma sunar. Uygun montaj ve saklama ko\u015fullar\u0131 sa\u011fland\u0131\u011f\u0131nda, 20 y\u0131l garanti avantaj\u0131yla projelerinize g\u00fcven katar.<\/p>\n<p style=\"text-align: justify;\">Saray Grubu olarak en \u00f6nemli hedeflerimizden biri, s\u00fcrekli olarak yeni ve yenilik\u00e7i \u00fcr\u00fcnler \u00fcretmek ve b\u00f6ylece ithal edilen \u00fcr\u00fcnlere alternatifler sunarak T\u00fcrkiye ekonomisine katk\u0131 sa\u011flamakt\u0131r. Saray A2 S\u0131n\u0131f\u0131 Al\u00fcminyum Kompozit Panellerin yanmazl\u0131k ve kalite testleri hem yerel hem de uluslararas\u0131 laboratuvarlar taraf\u0131ndan test edilmi\u015f ve sertifikaland\u0131r\u0131lm\u0131\u015ft\u0131r.<\/p>","protected":false},"excerpt":{"rendered":"<p style=\"text-align: justify;\">Saray Grubu olarak y\u0131llar s\u00fcren ARGE \u00e7al\u0131\u015fmalar\u0131m\u0131z\u0131n meyvesi olarak T\u00fcrkiye\u2019de ilk ve tek Mineral Dolgulu A2 Yanmazl\u0131k S\u0131n\u0131f\u0131 Al\u00fcminyum Kompozit Panellerin 2006 y\u0131l\u0131nda \u00fcretimine ba\u015flanm\u0131\u015ft\u0131r ve 60\u2019dan fazla \u00fclkeye ihra\u00e7 edilmektedir. Bu y\u00fcksek teknoloji \u00fcr\u00fcn\u00fc, kendi tesislerimizde ve kendi geli\u015ftirdi\u011fimiz teknoloji ile \u00fcretilmektedir.<\/p>\n<p style=\"text-align: justify;\">A2 S\u0131n\u0131f\u0131 Al\u00fcminyum Kompozit Paneller, binalar\u0131n cephelerinin kaplanmas\u0131 i\u00e7in kullan\u0131lan ve yang\u0131na kar\u015f\u0131 en \u00fcst\u00fcn performans\u0131 sa\u011flayan yanmaz bir malzemedir. D\u00fcnya genelinde meydana gelen yang\u0131nlar, yap\u0131lar\u0131n yang\u0131na dayan\u0131kl\u0131 malzemelerle kaplanmas\u0131n\u0131 zorunlu hale getirmi\u015ftir. Bakanlar Kurulu\u2019nun 10.08.2009 tarihli 2009\/15316 say\u0131l\u0131 karar\u0131 ile yay\u0131nlanan \u201cBinalar\u0131n Yang\u0131ndan Korunmas\u0131\u201d y\u00f6netmeli\u011fine g\u00f6re, 21.5 metre ve \u00fczeri y\u00fcksekli\u011fe sahip binalarda A s\u0131n\u0131f\u0131 yanmaz malzeme kullan\u0131m\u0131 zorunludur.<\/p>\n<p style=\"text-align: justify;\">Mineral Dolgulu A2 Paneller, toplamda 4mm kal\u0131nl\u0131\u011f\u0131ndad\u0131r ve 3 mm kal\u0131nl\u0131\u011f\u0131ndaki yanmaz mineral dolgu malzemesinin \u00fcst\u00fcne ve alt\u0131na 0.5mm kal\u0131nl\u0131\u011f\u0131ndaki al\u00fcminyum ile lamine edilmi\u015ftir. \u00dcstte kullan\u0131lan al\u00fcminyum, d\u0131\u015f hava ko\u015fullar\u0131nda maksimum dayan\u0131m sa\u011flamak i\u00e7in PVDF tekni\u011fi ile boyanmaktad\u0131r. PVDF boya teknolojisiyle \u00fcretilen panellerimiz, d\u0131\u015f etkenlere kar\u015f\u0131 uzun \u00f6m\u00fcrl\u00fc koruma sunar. Uygun montaj ve saklama ko\u015fullar\u0131 sa\u011fland\u0131\u011f\u0131nda, 20 y\u0131l garanti avantaj\u0131yla projelerinize g\u00fcven katar.<\/p>\n<p style=\"text-align: justify;\">Saray Grubu olarak en \u00f6nemli hedeflerimizden biri, s\u00fcrekli olarak yeni ve yenilik\u00e7i \u00fcr\u00fcnler \u00fcretmek ve b\u00f6ylece ithal edilen \u00fcr\u00fcnlere alternatifler sunarak T\u00fcrkiye ekonomisine katk\u0131 sa\u011flamakt\u0131r. Saray A2 S\u0131n\u0131f\u0131 Al\u00fcminyum Kompozit Panellerin yanmazl\u0131k ve kalite testleri hem yerel hem de uluslararas\u0131 laboratuvarlar taraf\u0131ndan test edilmi\u015f ve sertifikaland\u0131r\u0131lm\u0131\u015ft\u0131r.<\/p>","protected":false},"featured_media":2817,"template":"","meta":[],"product_brand":[39],"product_cat":[35],"product_tag":[],"class_list":{"0":"post-2813","1":"product","2":"type-product","3":"status-publish","4":"has-post-thumbnail","6":"product_brand-saray","7":"product_cat-kompozit-panel","9":"first","10":"instock","11":"shipping-taxable","12":"product-type-simple"},"ct_brands":[{"id":39,"name":"Saray","slug":"saray"}],"_links":{"self":[{"href":"https:\/\/www.diemaluminyum.com\/en\/wp-json\/wp\/v2\/product\/2813","targetHints":{"allow":["GET"]}}],"collection":[{"href":"https:\/\/www.diemaluminyum.com\/en\/wp-json\/wp\/v2\/product"}],"about":[{"href":"https:\/\/www.diemaluminyum.com\/en\/wp-json\/wp\/v2\/types\/product"}],"wp:featuredmedia":[{"embeddable":true,"href":"https:\/\/www.diemaluminyum.com\/en\/wp-json\/wp\/v2\/media\/2817"}],"wp:attachment":[{"href":"https:\/\/www.diemaluminyum.com\/en\/wp-json\/wp\/v2\/media?parent=2813"}],"wp:term":[{"taxonomy":"product_brand","embeddable":true,"href":"https:\/\/www.diemaluminyum.com\/en\/wp-json\/wp\/v2\/product_brand?post=2813"},{"taxonomy":"product_cat","embeddable":true,"href":"https:\/\/www.diemaluminyum.com\/en\/wp-json\/wp\/v2\/product_cat?post=2813"},{"taxonomy":"product_tag","embeddable":true,"href":"https:\/\/www.diemaluminyum.com\/en\/wp-json\/wp\/v2\/product_tag?post=2813"}],"curies":[{"name":"wp","href":"https:\/\/api.w.org\/{rel}","templated":true}]}}