{"id":2047,"date":"2025-06-24T18:25:52","date_gmt":"2025-06-24T18:25:52","guid":{"rendered":"https:\/\/www.diemaluminyum.com\/?post_type=product&#038;p=2047"},"modified":"2025-06-30T14:58:44","modified_gmt":"2025-06-30T14:58:44","slug":"c-60","status":"publish","type":"product","link":"https:\/\/www.diemaluminyum.com\/tr\/urunler\/mimari-sistemler\/kapi-pencere-sis\/c-60\/","title":{"rendered":"C 60"},"content":{"rendered":"<p style=\"text-align: justify;\">C 60 Sistemi, a\u011f\u0131rl\u0131kl\u0131 olarak ma\u011faza ve d\u00fckk\u00e2n gibi ticari alanlarda sabit vitrin do\u011framas\u0131 ve kap\u0131 uygulamalar\u0131nda tercih edilen bir se\u00e7enektir. Bariyersiz yap\u0131s\u0131yla bilhassa \u0131l\u0131man b\u00f6lgeler i\u00e7in ideal bir alternatif sunar.<\/p>\n<p style=\"text-align: justify;\">60 mm kasa derinli\u011fine sahip bu fonksiyonel kap\u0131, pencere ve vitrin sistemi i\u00e7eri a\u00e7\u0131l\u0131r pencere, tek kanat veya \u00e7ift kanat olarak i\u00e7eri ve d\u0131\u015far\u0131 a\u00e7\u0131l\u0131r kap\u0131larla birlikte \u00e7arpma kap\u0131 kullan\u0131m\u0131na olanak sa\u011flar. Ayr\u0131ca, i\u00e7 mekanlarda separat\u00f6r olarak da tercih edilen bir sistemdir.<\/p>\n<p style=\"text-align: justify;\">Cam \u00e7\u0131tas\u0131n\u0131n \u00e7ift tarafl\u0131 uygulanabilmesi, cam de\u011fi\u015fimi gerekti\u011finde kolayl\u0131k sa\u011flar. C 60 Sistemi, 1,5 mm ve 2,0 mm aras\u0131nda de\u011fi\u015fen et kal\u0131nl\u0131\u011f\u0131na sahip iki farkl\u0131 profilden olu\u015fur ve 13-38,5 mm kal\u0131nl\u0131\u011f\u0131nda camlar\u0131n sistem i\u00e7erisinde kullan\u0131labilmesine olanak tan\u0131r. Bu \u00f6zellikleriyle, kullan\u0131c\u0131lara geni\u015f bir esneklik ve kolayl\u0131k sunar.<\/p>\n","protected":false},"excerpt":{"rendered":"<p style=\"text-align: justify;\">C 60 Sistemi, a\u011f\u0131rl\u0131kl\u0131 olarak ma\u011faza ve d\u00fckk\u00e2n gibi ticari alanlarda sabit vitrin do\u011framas\u0131 ve kap\u0131 uygulamalar\u0131nda tercih edilen bir se\u00e7enektir. Bariyersiz yap\u0131s\u0131yla bilhassa \u0131l\u0131man b\u00f6lgeler i\u00e7in ideal bir alternatif sunar.<\/p>\n<p style=\"text-align: justify;\">60 mm kasa derinli\u011fine sahip bu fonksiyonel kap\u0131, pencere ve vitrin sistemi i\u00e7eri a\u00e7\u0131l\u0131r pencere, tek kanat veya \u00e7ift kanat olarak i\u00e7eri ve d\u0131\u015far\u0131 a\u00e7\u0131l\u0131r kap\u0131larla birlikte \u00e7arpma kap\u0131 kullan\u0131m\u0131na olanak sa\u011flar. Ayr\u0131ca, i\u00e7 mekanlarda separat\u00f6r olarak da tercih edilen bir sistemdir.<\/p>\n<p style=\"text-align: justify;\">Cam \u00e7\u0131tas\u0131n\u0131n \u00e7ift tarafl\u0131 uygulanabilmesi, cam de\u011fi\u015fimi gerekti\u011finde kolayl\u0131k sa\u011flar. C 60 Sistemi, 1,5 mm ve 2,0 mm aras\u0131nda de\u011fi\u015fen et kal\u0131nl\u0131\u011f\u0131na sahip iki farkl\u0131 profilden olu\u015fur ve 13-38,5 mm kal\u0131nl\u0131\u011f\u0131nda camlar\u0131n sistem i\u00e7erisinde kullan\u0131labilmesine olanak tan\u0131r. Bu \u00f6zellikleriyle, kullan\u0131c\u0131lara geni\u015f bir esneklik ve kolayl\u0131k sunar.<\/p>\n","protected":false},"featured_media":1968,"template":"","meta":[],"product_brand":[39],"product_cat":[30],"product_tag":[],"class_list":{"0":"post-2047","1":"product","2":"type-product","3":"status-publish","4":"has-post-thumbnail","6":"product_brand-saray","7":"product_cat-kapi-pencere-sis","9":"first","10":"instock","11":"shipping-taxable","12":"product-type-simple"},"ct_brands":[{"id":39,"name":"Saray","slug":"saray"}],"_links":{"self":[{"href":"https:\/\/www.diemaluminyum.com\/tr\/wp-json\/wp\/v2\/product\/2047","targetHints":{"allow":["GET"]}}],"collection":[{"href":"https:\/\/www.diemaluminyum.com\/tr\/wp-json\/wp\/v2\/product"}],"about":[{"href":"https:\/\/www.diemaluminyum.com\/tr\/wp-json\/wp\/v2\/types\/product"}],"wp:featuredmedia":[{"embeddable":true,"href":"https:\/\/www.diemaluminyum.com\/tr\/wp-json\/wp\/v2\/media\/1968"}],"wp:attachment":[{"href":"https:\/\/www.diemaluminyum.com\/tr\/wp-json\/wp\/v2\/media?parent=2047"}],"wp:term":[{"taxonomy":"product_brand","embeddable":true,"href":"https:\/\/www.diemaluminyum.com\/tr\/wp-json\/wp\/v2\/product_brand?post=2047"},{"taxonomy":"product_cat","embeddable":true,"href":"https:\/\/www.diemaluminyum.com\/tr\/wp-json\/wp\/v2\/product_cat?post=2047"},{"taxonomy":"product_tag","embeddable":true,"href":"https:\/\/www.diemaluminyum.com\/tr\/wp-json\/wp\/v2\/product_tag?post=2047"}],"curies":[{"name":"wp","href":"https:\/\/api.w.org\/{rel}","templated":true}]}}