{"id":2108,"date":"2025-06-24T20:15:47","date_gmt":"2025-06-24T20:15:47","guid":{"rendered":"https:\/\/www.diemaluminyum.com\/?post_type=product&#038;p=2108"},"modified":"2025-06-30T15:44:14","modified_gmt":"2025-06-30T15:44:14","slug":"s-45","status":"publish","type":"product","link":"https:\/\/www.diemaluminyum.com\/tr\/urunler\/mimari-sistemler\/kapi-pencere-sis\/s-45\/","title":{"rendered":"S 45"},"content":{"rendered":"<p style=\"text-align: justify;\">Yal\u0131t\u0131m ihtiyac\u0131n\u0131n d\u00fc\u015f\u00fck oldu\u011fu s\u0131cak iklimlerde ekonomik \u00e7\u00f6z\u00fcmler sunan S45, 45 mm kasa geni\u015fli\u011fine sahip estetik ve fonksiyonel bir kap\u0131 ve pencere sistemidir.<\/p>\n<p style=\"text-align: justify;\">Pencerelerde tek a\u00e7\u0131l\u0131m, \u00e7ift a\u00e7\u0131l\u0131m ve pivot a\u00e7\u0131l\u0131m \u00f6zelliklerinin yan\u0131 s\u0131ra, kap\u0131larda da \u00e7arpma kap\u0131, katlan\u0131r s\u00fcrme kap\u0131 ve paralel s\u00fcrme kap\u0131 kullan\u0131m\u0131na olanak verir.<\/p>\n<p style=\"text-align: justify;\">1,5 mm ve 2,0 mm alternatifli profil kal\u0131nl\u0131klar\u0131 sistemin, yap\u0131lar i\u00e7in ideal bir seri olmas\u0131n\u0131 sa\u011flar. 6 mm tek camdan, toplamda 32 mm kal\u0131nl\u0131\u011fa kadar cam, sistem i\u00e7erisinde kullan\u0131labilir.<\/p>\n","protected":false},"excerpt":{"rendered":"<p style=\"text-align: justify;\">Yal\u0131t\u0131m ihtiyac\u0131n\u0131n d\u00fc\u015f\u00fck oldu\u011fu s\u0131cak iklimlerde ekonomik \u00e7\u00f6z\u00fcmler sunan S45, 45 mm kasa geni\u015fli\u011fine sahip estetik ve fonksiyonel bir kap\u0131 ve pencere sistemidir.<\/p>\n<p style=\"text-align: justify;\">Pencerelerde tek a\u00e7\u0131l\u0131m, \u00e7ift a\u00e7\u0131l\u0131m ve pivot a\u00e7\u0131l\u0131m \u00f6zelliklerinin yan\u0131 s\u0131ra, kap\u0131larda da \u00e7arpma kap\u0131, katlan\u0131r s\u00fcrme kap\u0131 ve paralel s\u00fcrme kap\u0131 kullan\u0131m\u0131na olanak verir.<\/p>\n<p style=\"text-align: justify;\">1,5 mm ve 2,0 mm alternatifli profil kal\u0131nl\u0131klar\u0131 sistemin, yap\u0131lar i\u00e7in ideal bir seri olmas\u0131n\u0131 sa\u011flar. 6 mm tek camdan, toplamda 32 mm kal\u0131nl\u0131\u011fa kadar cam, sistem i\u00e7erisinde kullan\u0131labilir.<\/p>\n","protected":false},"featured_media":2112,"template":"","meta":[],"product_brand":[39],"product_cat":[30],"product_tag":[],"class_list":{"0":"post-2108","1":"product","2":"type-product","3":"status-publish","4":"has-post-thumbnail","6":"product_brand-saray","7":"product_cat-kapi-pencere-sis","9":"first","10":"instock","11":"shipping-taxable","12":"product-type-simple"},"ct_brands":[{"id":39,"name":"Saray","slug":"saray"}],"_links":{"self":[{"href":"https:\/\/www.diemaluminyum.com\/tr\/wp-json\/wp\/v2\/product\/2108","targetHints":{"allow":["GET"]}}],"collection":[{"href":"https:\/\/www.diemaluminyum.com\/tr\/wp-json\/wp\/v2\/product"}],"about":[{"href":"https:\/\/www.diemaluminyum.com\/tr\/wp-json\/wp\/v2\/types\/product"}],"wp:featuredmedia":[{"embeddable":true,"href":"https:\/\/www.diemaluminyum.com\/tr\/wp-json\/wp\/v2\/media\/2112"}],"wp:attachment":[{"href":"https:\/\/www.diemaluminyum.com\/tr\/wp-json\/wp\/v2\/media?parent=2108"}],"wp:term":[{"taxonomy":"product_brand","embeddable":true,"href":"https:\/\/www.diemaluminyum.com\/tr\/wp-json\/wp\/v2\/product_brand?post=2108"},{"taxonomy":"product_cat","embeddable":true,"href":"https:\/\/www.diemaluminyum.com\/tr\/wp-json\/wp\/v2\/product_cat?post=2108"},{"taxonomy":"product_tag","embeddable":true,"href":"https:\/\/www.diemaluminyum.com\/tr\/wp-json\/wp\/v2\/product_tag?post=2108"}],"curies":[{"name":"wp","href":"https:\/\/api.w.org\/{rel}","templated":true}]}}