{"id":2237,"date":"2025-06-26T11:50:53","date_gmt":"2025-06-26T11:50:53","guid":{"rendered":"https:\/\/www.diemaluminyum.com\/?post_type=product&#038;p=2237"},"modified":"2025-06-30T15:47:11","modified_gmt":"2025-06-30T15:47:11","slug":"oval-28","status":"publish","type":"product","link":"https:\/\/www.diemaluminyum.com\/tr\/urunler\/mimari-sistemler\/surme-sistemler\/oval-28\/","title":{"rendered":"OVAL 28"},"content":{"rendered":"<p style=\"text-align: justify;\">S 45 ve S 55 gibi yal\u0131t\u0131m ihtiyac\u0131n\u0131n d\u00fc\u015f\u00fck oldu\u011fu s\u0131cak iklimlerde s\u0131k\u00e7a tercih edilen kap\u0131 ve pencere sistemlerinin tamamlay\u0131c\u0131s\u0131 olarak \u00f6ne \u00e7\u0131kan Oval Sistem; 28 mm, 32 mm ve 38 mm geni\u015flikte kanatlara sahip yal\u0131t\u0131ms\u0131z bir s\u00fcrme sistemidir.<\/p>\n<p style=\"text-align: justify;\">Bu sistem, 6 mm\u2019den 20 mm\u2019ye kadar \u00f6l\u00e7\u00fclerde cam kullan\u0131m\u0131na olanak tan\u0131r ve basit s\u00fcrme ihtiyac\u0131 olan yap\u0131lar i\u00e7in ideal \u00e7\u00f6z\u00fcmler sunar. T\u00fcm versiyonlar\u0131nda sineklik uygulamas\u0131 standart olarak yer al\u0131rken, \u00f6zel pervaz profilleri sayesinde i\u00e7te ve d\u0131\u015fta pervaz uygulamas\u0131 da m\u00fcmk\u00fcnd\u00fcr.<\/p>\n<p style=\"text-align: justify;\">Oval Sistem, estetik g\u00f6r\u00fcn\u00fcm\u00fcyle birlikte kullan\u0131m kolayl\u0131\u011f\u0131 ve i\u015flevselli\u011fi bir araya getirerek kullan\u0131c\u0131lar\u0131n beklentilerini kar\u015f\u0131lar.<\/p>\n","protected":false},"excerpt":{"rendered":"<p style=\"text-align: justify;\">S 45 ve S 55 gibi yal\u0131t\u0131m ihtiyac\u0131n\u0131n d\u00fc\u015f\u00fck oldu\u011fu s\u0131cak iklimlerde s\u0131k\u00e7a tercih edilen kap\u0131 ve pencere sistemlerinin tamamlay\u0131c\u0131s\u0131 olarak \u00f6ne \u00e7\u0131kan Oval Sistem; 28 mm, 32 mm ve 38 mm geni\u015flikte kanatlara sahip yal\u0131t\u0131ms\u0131z bir s\u00fcrme sistemidir.<\/p>\n<p style=\"text-align: justify;\">Bu sistem, 6 mm\u2019den 20 mm\u2019ye kadar \u00f6l\u00e7\u00fclerde cam kullan\u0131m\u0131na olanak tan\u0131r ve basit s\u00fcrme ihtiyac\u0131 olan yap\u0131lar i\u00e7in ideal \u00e7\u00f6z\u00fcmler sunar. T\u00fcm versiyonlar\u0131nda sineklik uygulamas\u0131 standart olarak yer al\u0131rken, \u00f6zel pervaz profilleri sayesinde i\u00e7te ve d\u0131\u015fta pervaz uygulamas\u0131 da m\u00fcmk\u00fcnd\u00fcr.<\/p>\n<p style=\"text-align: justify;\">Oval Sistem, estetik g\u00f6r\u00fcn\u00fcm\u00fcyle birlikte kullan\u0131m kolayl\u0131\u011f\u0131 ve i\u015flevselli\u011fi bir araya getirerek kullan\u0131c\u0131lar\u0131n beklentilerini kar\u015f\u0131lar.<\/p>\n","protected":false},"featured_media":2233,"template":"","meta":[],"product_brand":[39],"product_cat":[31],"product_tag":[],"class_list":{"0":"post-2237","1":"product","2":"type-product","3":"status-publish","4":"has-post-thumbnail","6":"product_brand-saray","7":"product_cat-surme-sistemler","9":"first","10":"instock","11":"shipping-taxable","12":"product-type-simple"},"ct_brands":[{"id":39,"name":"Saray","slug":"saray"}],"_links":{"self":[{"href":"https:\/\/www.diemaluminyum.com\/tr\/wp-json\/wp\/v2\/product\/2237","targetHints":{"allow":["GET"]}}],"collection":[{"href":"https:\/\/www.diemaluminyum.com\/tr\/wp-json\/wp\/v2\/product"}],"about":[{"href":"https:\/\/www.diemaluminyum.com\/tr\/wp-json\/wp\/v2\/types\/product"}],"wp:featuredmedia":[{"embeddable":true,"href":"https:\/\/www.diemaluminyum.com\/tr\/wp-json\/wp\/v2\/media\/2233"}],"wp:attachment":[{"href":"https:\/\/www.diemaluminyum.com\/tr\/wp-json\/wp\/v2\/media?parent=2237"}],"wp:term":[{"taxonomy":"product_brand","embeddable":true,"href":"https:\/\/www.diemaluminyum.com\/tr\/wp-json\/wp\/v2\/product_brand?post=2237"},{"taxonomy":"product_cat","embeddable":true,"href":"https:\/\/www.diemaluminyum.com\/tr\/wp-json\/wp\/v2\/product_cat?post=2237"},{"taxonomy":"product_tag","embeddable":true,"href":"https:\/\/www.diemaluminyum.com\/tr\/wp-json\/wp\/v2\/product_tag?post=2237"}],"curies":[{"name":"wp","href":"https:\/\/api.w.org\/{rel}","templated":true}]}}