{"id":2248,"date":"2025-06-26T12:17:42","date_gmt":"2025-06-26T12:17:42","guid":{"rendered":"https:\/\/www.diemaluminyum.com\/?post_type=product&#038;p=2248"},"modified":"2025-06-30T15:47:42","modified_gmt":"2025-06-30T15:47:42","slug":"st-91","status":"publish","type":"product","link":"https:\/\/www.diemaluminyum.com\/tr\/urunler\/mimari-sistemler\/surme-sistemler\/st-91\/","title":{"rendered":"ST 91"},"content":{"rendered":"<p style=\"text-align: justify;\">SARAY\u2019\u0131n Is\u0131 Yal\u0131t\u0131ml\u0131 S\u00fcrme Sistemleri \u00fcr\u00fcn ailesi i\u00e7inde \u015f\u0131kl\u0131\u011f\u0131 kadar, fiyat-performans oran\u0131 ile de dikkat \u00e7eken <strong>ST 91<\/strong>, EPDM contal\u0131 yap\u0131s\u0131 sayesinde estetik tasar\u0131m\u0131 y\u00fcksek \u0131s\u0131 performans\u0131yla birle\u015ftirmektedir.<\/p>\n<p style=\"text-align: justify;\">Tasar\u0131m\u0131ndaki minimalist yakla\u015f\u0131m ile minimum profil yap\u0131s\u0131na sahip olan sistem, daha fazla g\u00fcn \u0131\u015f\u0131\u011f\u0131n\u0131n i\u00e7eri al\u0131nmas\u0131n\u0131 ve kesintisiz panoramik manzara g\u00f6r\u00fcn\u00fcm\u00fcn\u00fc yap\u0131lara kazand\u0131r\u0131yor , bu \u00f6zelli\u011fi ile \u00f6zellikle yaz turizminin g\u00fc\u00e7l\u00fc oldu\u011fu b\u00f6lgelerdeki otel ve konut in\u015faatlar\u0131nda s\u0131kl\u0131kla tercih edilmektedir. M\u00fc\u015fteri gereksinimlerine ba\u011fl\u0131 olarak g\u00fcvenlik ve g\u00fcne\u015ften korunum i\u00e7in kullan\u0131lan panjur sistemleri ile entegre olabilen sistem, ayn\u0131 zamanda \u00f6zel sineklik detaylar\u0131 ile kullan\u0131c\u0131lara entegre \u00e7\u00f6z\u00fcm sunuyor<\/p>\n<p style=\"text-align: justify;\">91 mm \u00e7er\u00e7eve ve 36 mm kanat derinli\u011fine sahip olan ST 91, 4 \u2013 24 mm aras\u0131 cam kullan\u0131m\u0131na uygundur.<\/p>\n<p style=\"text-align: justify;\">Farkl\u0131 markalar\u0131n t\u00fcm a\u00e7\u0131l\u0131m mekanizmalar\u0131 ve PVC kilit sistemi ile uyumlu olan sistem, \u00e7oklu kilitlemeyi de m\u00fcmk\u00fcn k\u0131lar. \u00dcr\u00fcn\u00fcn; kanad\u0131 duvar\u0131n i\u00e7ine gizlenmeyi sa\u011flayan, daha geni\u015f bir g\u00f6r\u00fcn\u00fcm ve modern bir tasar\u0131m sunan g\u00f6mme (packed) versiyonu da mevcuttur.<\/p>\n","protected":false},"excerpt":{"rendered":"<p style=\"text-align: justify;\">SARAY\u2019\u0131n Is\u0131 Yal\u0131t\u0131ml\u0131 S\u00fcrme Sistemleri \u00fcr\u00fcn ailesi i\u00e7inde \u015f\u0131kl\u0131\u011f\u0131 kadar, fiyat-performans oran\u0131 ile de dikkat \u00e7eken <strong>ST 91<\/strong>, EPDM contal\u0131 yap\u0131s\u0131 sayesinde estetik tasar\u0131m\u0131 y\u00fcksek \u0131s\u0131 performans\u0131yla birle\u015ftirmektedir.<\/p>\n<p style=\"text-align: justify;\">Tasar\u0131m\u0131ndaki minimalist yakla\u015f\u0131m ile minimum profil yap\u0131s\u0131na sahip olan sistem, daha fazla g\u00fcn \u0131\u015f\u0131\u011f\u0131n\u0131n i\u00e7eri al\u0131nmas\u0131n\u0131 ve kesintisiz panoramik manzara g\u00f6r\u00fcn\u00fcm\u00fcn\u00fc yap\u0131lara kazand\u0131r\u0131yor , bu \u00f6zelli\u011fi ile \u00f6zellikle yaz turizminin g\u00fc\u00e7l\u00fc oldu\u011fu b\u00f6lgelerdeki otel ve konut in\u015faatlar\u0131nda s\u0131kl\u0131kla tercih edilmektedir. M\u00fc\u015fteri gereksinimlerine ba\u011fl\u0131 olarak g\u00fcvenlik ve g\u00fcne\u015ften korunum i\u00e7in kullan\u0131lan panjur sistemleri ile entegre olabilen sistem, ayn\u0131 zamanda \u00f6zel sineklik detaylar\u0131 ile kullan\u0131c\u0131lara entegre \u00e7\u00f6z\u00fcm sunuyor<\/p>\n<p style=\"text-align: justify;\">91 mm \u00e7er\u00e7eve ve 36 mm kanat derinli\u011fine sahip olan ST 91, 4 \u2013 24 mm aras\u0131 cam kullan\u0131m\u0131na uygundur.<\/p>\n<p style=\"text-align: justify;\">Farkl\u0131 markalar\u0131n t\u00fcm a\u00e7\u0131l\u0131m mekanizmalar\u0131 ve PVC kilit sistemi ile uyumlu olan sistem, \u00e7oklu kilitlemeyi de m\u00fcmk\u00fcn k\u0131lar. \u00dcr\u00fcn\u00fcn; kanad\u0131 duvar\u0131n i\u00e7ine gizlenmeyi sa\u011flayan, daha geni\u015f bir g\u00f6r\u00fcn\u00fcm ve modern bir tasar\u0131m sunan g\u00f6mme (packed) versiyonu da mevcuttur.<\/p>\n","protected":false},"featured_media":2249,"template":"","meta":[],"product_brand":[39],"product_cat":[31],"product_tag":[],"class_list":{"0":"post-2248","1":"product","2":"type-product","3":"status-publish","4":"has-post-thumbnail","6":"product_brand-saray","7":"product_cat-surme-sistemler","9":"first","10":"instock","11":"shipping-taxable","12":"product-type-simple"},"ct_brands":[{"id":39,"name":"Saray","slug":"saray"}],"_links":{"self":[{"href":"https:\/\/www.diemaluminyum.com\/tr\/wp-json\/wp\/v2\/product\/2248","targetHints":{"allow":["GET"]}}],"collection":[{"href":"https:\/\/www.diemaluminyum.com\/tr\/wp-json\/wp\/v2\/product"}],"about":[{"href":"https:\/\/www.diemaluminyum.com\/tr\/wp-json\/wp\/v2\/types\/product"}],"wp:featuredmedia":[{"embeddable":true,"href":"https:\/\/www.diemaluminyum.com\/tr\/wp-json\/wp\/v2\/media\/2249"}],"wp:attachment":[{"href":"https:\/\/www.diemaluminyum.com\/tr\/wp-json\/wp\/v2\/media?parent=2248"}],"wp:term":[{"taxonomy":"product_brand","embeddable":true,"href":"https:\/\/www.diemaluminyum.com\/tr\/wp-json\/wp\/v2\/product_brand?post=2248"},{"taxonomy":"product_cat","embeddable":true,"href":"https:\/\/www.diemaluminyum.com\/tr\/wp-json\/wp\/v2\/product_cat?post=2248"},{"taxonomy":"product_tag","embeddable":true,"href":"https:\/\/www.diemaluminyum.com\/tr\/wp-json\/wp\/v2\/product_tag?post=2248"}],"curies":[{"name":"wp","href":"https:\/\/api.w.org\/{rel}","templated":true}]}}